{"id":115,"date":"2023-05-20T19:34:22","date_gmt":"2023-05-20T17:34:22","guid":{"rendered":"https:\/\/avril-equilibre.com\/?page_id=115"},"modified":"2023-05-20T21:57:39","modified_gmt":"2023-05-20T19:57:39","slug":"voyance","status":"publish","type":"page","link":"https:\/\/avril-equilibre.com\/?page_id=115","title":{"rendered":"Voyance"},"content":{"rendered":"\n<p>Je pratique la cartomancie, c&rsquo;est \u00e0 dire que les cartes m&rsquo; inspirent pour obtenir les r\u00e9ponses. Cela peut \u00eatre la signification de la carte comme seulement un simple d\u00e9tail de la figuration, sa position, les cartes voisines&#8230;<\/p>\n\n\n\n<p>La consultation dure 50 min, par t\u00e9l\u00e9phone ou au cabinet. <\/p>\n\n\n\n<p>La prise de rendez-vous est obligatoire, m\u00eame par t\u00e9l\u00e9phone. Le paiement s&rsquo; effectue via paypal. Par t\u00e9l\u00e9phone j&rsquo; ai besoin de votre nom, pr\u00e9nom et date de naissance pour me fixer sur vous.<\/p>\n\n\n\n<p>Je pratique la voyance traditionnelle mais aussi la cartomancie pour l&rsquo; \u00e9volution personnelle. <\/p>\n\n\n\n<p>Je propose aussi pour ceux qui se sentent proche de la culture am\u00e9rindienne un tirage pour connaitre vos animaux totems. <\/p>\n\n\n\n<p> <\/p>\n\n\n\n<div class=\"wp-block-columns alignwide is-layout-flex wp-container-core-columns-is-layout-1 wp-block-columns-is-layout-flex\">\n<div class=\"wp-block-column is-layout-flow wp-block-column-is-layout-flow\">\n<div class=\"wp-block-buttons is-layout-flex wp-block-buttons-is-layout-flex\">\n<div class=\"wp-block-button has-custom-width wp-block-button__width-100\"><a class=\"wp-block-button__link wp-element-button\" href=\"https:\/\/avril-equilibre.com\/?page_id=83\">Reiki Ess\u00e9nien &#8211; Magn\u00e9tisme<\/a><\/div>\n<\/div>\n<\/div>\n\n\n\n<div class=\"wp-block-column is-layout-flow wp-block-column-is-layout-flow\">\n<div class=\"wp-block-buttons is-layout-flex wp-block-buttons-is-layout-flex\">\n<div class=\"wp-block-button has-custom-width wp-block-button__width-100\"><a class=\"wp-block-button__link wp-element-button\" href=\"https:\/\/avril-equilibre.com\/\">Accueil<\/a><\/div>\n<\/div>\n<\/div>\n\n\n\n<div class=\"wp-block-column is-layout-flow wp-block-column-is-layout-flow\">\n<div class=\"wp-block-buttons is-layout-flex wp-block-buttons-is-layout-flex\">\n<div class=\"wp-block-button has-custom-width wp-block-button__width-100\"><a class=\"wp-block-button__link wp-element-button\" href=\"https:\/\/avril-equilibre.com\/?page_id=120\">Qui suis-je<\/a><\/div>\n<\/div>\n<\/div>\n<\/div>\n\n\n\n<div class=\"wp-block-columns alignwide is-layout-flex wp-container-core-columns-is-layout-2 wp-block-columns-is-layout-flex\">\n<div class=\"wp-block-column is-layout-flow wp-block-column-is-layout-flow\">\n<div class=\"wp-block-buttons is-layout-flex wp-block-buttons-is-layout-flex\">\n<div class=\"wp-block-button has-custom-width wp-block-button__width-100\"><a class=\"wp-block-button__link wp-element-button\" href=\"https:\/\/avril-equilibre.com\/?page_id=133\">Tarifs<\/a><\/div>\n<\/div>\n<\/div>\n\n\n\n<div class=\"wp-block-column is-layout-flow wp-block-column-is-layout-flow\">\n<div class=\"wp-block-buttons is-layout-flex wp-block-buttons-is-layout-flex\">\n<div class=\"wp-block-button has-custom-width wp-block-button__width-100\"><a class=\"wp-block-button__link wp-element-button\" href=\"https:\/\/avril-equilibre.com\/?page_id=126\">Coordonn\u00e9es<\/a><\/div>\n<\/div>\n<\/div>\n\n\n\n<div class=\"wp-block-column is-layout-flow wp-block-column-is-layout-flow\">\n<div class=\"wp-block-buttons is-layout-flex wp-block-buttons-is-layout-flex\">\n<div class=\"wp-block-button has-custom-width wp-block-button__width-100\"><a class=\"wp-block-button__link wp-element-button\" href=\"https:\/\/avril-equilibre.com\/?page_id=8\">Login<\/a><\/div>\n<\/div>\n<\/div>\n<\/div>\n","protected":false},"excerpt":{"rendered":"<p>Je pratique la cartomancie, c&rsquo;est \u00e0 dire que les cartes m&rsquo; inspirent pour obtenir les r\u00e9ponses. Cela peut \u00eatre la signification de la carte comme seulement un simple d\u00e9tail de la figuration, sa position, les cartes voisines&#8230; La consultation dure 50 min, par t\u00e9l\u00e9phone ou au cabinet. La prise de rendez-vous est obligatoire, m\u00eame par [&hellip;]<\/p>\n","protected":false},"author":1,"featured_media":0,"parent":0,"menu_order":5,"comment_status":"closed","ping_status":"closed","template":"","meta":{"om_disable_all_campaigns":false,"_monsterinsights_skip_tracking":false,"_monsterinsights_sitenote_active":false,"_monsterinsights_sitenote_note":"","_monsterinsights_sitenote_category":0,"_themeisle_gutenberg_block_has_review":false,"footnotes":""},"class_list":["post-115","page","type-page","status-publish","hentry"],"aioseo_notices":[],"_links":{"self":[{"href":"https:\/\/avril-equilibre.com\/index.php?rest_route=\/wp\/v2\/pages\/115","targetHints":{"allow":["GET"]}}],"collection":[{"href":"https:\/\/avril-equilibre.com\/index.php?rest_route=\/wp\/v2\/pages"}],"about":[{"href":"https:\/\/avril-equilibre.com\/index.php?rest_route=\/wp\/v2\/types\/page"}],"author":[{"embeddable":true,"href":"https:\/\/avril-equilibre.com\/index.php?rest_route=\/wp\/v2\/users\/1"}],"replies":[{"embeddable":true,"href":"https:\/\/avril-equilibre.com\/index.php?rest_route=%2Fwp%2Fv2%2Fcomments&post=115"}],"version-history":[{"count":4,"href":"https:\/\/avril-equilibre.com\/index.php?rest_route=\/wp\/v2\/pages\/115\/revisions"}],"predecessor-version":[{"id":136,"href":"https:\/\/avril-equilibre.com\/index.php?rest_route=\/wp\/v2\/pages\/115\/revisions\/136"}],"wp:attachment":[{"href":"https:\/\/avril-equilibre.com\/index.php?rest_route=%2Fwp%2Fv2%2Fmedia&parent=115"}],"curies":[{"name":"wp","href":"https:\/\/api.w.org\/{rel}","templated":true}]}}