{"id":126,"date":"2023-05-20T21:36:57","date_gmt":"2023-05-20T19:36:57","guid":{"rendered":"https:\/\/avril-equilibre.com\/?page_id=126"},"modified":"2023-05-20T21:58:27","modified_gmt":"2023-05-20T19:58:27","slug":"coordonnees","status":"publish","type":"page","link":"https:\/\/avril-equilibre.com\/?page_id=126","title":{"rendered":"Coordonn\u00e9es"},"content":{"rendered":"\n<p>Pour les prises de rendez-vous je suis joignable au 07 68 26 85 53, si je suis en consultation merci de laisser un message sur le r\u00e9pondeur avec vos coordonn\u00e9es pour que je puisse vous rappeler.<\/p>\n\n\n\n<p>Idem pour toutes infos suppl\u00e9mentaires<\/p>\n\n\n\n<p>Vous pouvez \u00e9galement me contacter par courriel \u00e0 <a href=\"mailto:avril.equilibre@gmail.com\">avril.equilibre@gmail.com<\/a><\/p>\n\n\n\n<p>Le cabinet d&rsquo;Energ\u00e9tique se situe au 199b impasse des Oliviers, St Christol-lez-Al\u00e8s. Au fond de l&rsquo; impasse \u00e0 gauche. Le cabinet se situe au rez-de-chauss\u00e9e de mon habitation. Le rez-de-chauss\u00e9e y est enti\u00e8rement consacr\u00e9. <\/p>\n\n\n\n<p>Le parking est \u00e0 votre disposition.<\/p>\n\n\n\n<p>Coordonn\u00e9es Google Map: 44.07814, 4.06904<\/p>\n\n\n<div style=\"height:400pxpx;\" class=\"wp-block-themeisle-blocks-leaflet-map\" id=\"wp-block-themeisle-blocks-google-map-9e77e85b\"><\/div>\n<script type=\"text\/javascript\">\n\t\/* <![CDATA[ *\/\n\t\tif ( ! window.themeisleLeafletMaps ) window.themeisleLeafletMaps =[];\n\t\twindow.themeisleLeafletMaps.push( { container: \"wp-block-themeisle-blocks-google-map-9e77e85b\", attributes: {\"id\":\"wp-block-themeisle-blocks-google-map-9e77e85b\",\"latitude\":\"44.079253956238475\",\"longitude\":\"4.067816734313966\",\"bbox\":\"4.064329862594605,44.07771246370385,4.071303606033326,44.08079540861362\",\"zoom\":17,\"markers\":[],\"otterConditions\":[],\"location\":\"La Sagrada Familia, Barcelona, Spain\",\"height\":\"400px\",\"zoomControl\":true,\"draggable\":true,\"hasCustomCSS\":false,\"customCSS\":\"\"} } );\n\t\/* ]]> *\/\n<\/script>\n\n\n\n<div class=\"wp-block-columns alignwide is-layout-flex wp-container-core-columns-is-layout-1 wp-block-columns-is-layout-flex\">\n<div class=\"wp-block-column is-layout-flow wp-block-column-is-layout-flow\">\n<div class=\"wp-block-buttons is-layout-flex wp-block-buttons-is-layout-flex\">\n<div class=\"wp-block-button has-custom-width wp-block-button__width-100\"><a class=\"wp-block-button__link wp-element-button\" href=\"https:\/\/avril-equilibre.com\/?page_id=83\">Reiki Ess\u00e9nien &#8211; Magn\u00e9tisme<\/a><\/div>\n<\/div>\n<\/div>\n\n\n\n<div class=\"wp-block-column is-layout-flow wp-block-column-is-layout-flow\">\n<div class=\"wp-block-buttons is-layout-flex wp-block-buttons-is-layout-flex\">\n<div class=\"wp-block-button has-custom-width wp-block-button__width-100\"><a class=\"wp-block-button__link wp-element-button\" href=\"https:\/\/avril-equilibre.com\/?page_id=115\">Voyance<\/a><\/div>\n<\/div>\n<\/div>\n\n\n\n<div class=\"wp-block-column is-layout-flow wp-block-column-is-layout-flow\">\n<div class=\"wp-block-buttons is-layout-flex wp-block-buttons-is-layout-flex\">\n<div class=\"wp-block-button has-custom-width wp-block-button__width-100\"><a class=\"wp-block-button__link wp-element-button\" href=\"https:\/\/avril-equilibre.com\/?page_id=120\">Qui suis-je<\/a><\/div>\n<\/div>\n<\/div>\n<\/div>\n\n\n\n<div class=\"wp-block-columns alignwide is-layout-flex wp-container-core-columns-is-layout-2 wp-block-columns-is-layout-flex\">\n<div class=\"wp-block-column is-layout-flow wp-block-column-is-layout-flow\">\n<div class=\"wp-block-buttons is-layout-flex wp-block-buttons-is-layout-flex\">\n<div class=\"wp-block-button has-custom-width wp-block-button__width-100\"><a class=\"wp-block-button__link wp-element-button\" href=\"https:\/\/avril-equilibre.com\/?page_id=133\">Tarifs<\/a><\/div>\n<\/div>\n<\/div>\n\n\n\n<div class=\"wp-block-column is-layout-flow wp-block-column-is-layout-flow\">\n<div class=\"wp-block-buttons is-layout-flex wp-block-buttons-is-layout-flex\">\n<div class=\"wp-block-button has-custom-width wp-block-button__width-100\"><a class=\"wp-block-button__link wp-element-button\" href=\"https:\/\/avril-equilibre.com\/\">Accueil<\/a><\/div>\n<\/div>\n<\/div>\n\n\n\n<div class=\"wp-block-column is-layout-flow wp-block-column-is-layout-flow\">\n<div class=\"wp-block-buttons is-layout-flex wp-block-buttons-is-layout-flex\">\n<div class=\"wp-block-button has-custom-width wp-block-button__width-100\"><a class=\"wp-block-button__link wp-element-button\" href=\"https:\/\/avril-equilibre.com\/?page_id=8\">Login<\/a><\/div>\n<\/div>\n<\/div>\n<\/div>\n","protected":false},"excerpt":{"rendered":"<p>Pour les prises de rendez-vous je suis joignable au 07 68 26 85 53, si je suis en consultation merci de laisser un message sur le r\u00e9pondeur avec vos coordonn\u00e9es pour que je puisse vous rappeler. Idem pour toutes infos suppl\u00e9mentaires Vous pouvez \u00e9galement me contacter par courriel \u00e0 avril.equilibre@gmail.com Le cabinet d&rsquo;Energ\u00e9tique se situe [&hellip;]<\/p>\n","protected":false},"author":1,"featured_media":0,"parent":0,"menu_order":3,"comment_status":"closed","ping_status":"closed","template":"","meta":{"om_disable_all_campaigns":false,"_monsterinsights_skip_tracking":false,"_monsterinsights_sitenote_active":false,"_monsterinsights_sitenote_note":"","_monsterinsights_sitenote_category":0,"_themeisle_gutenberg_block_has_review":false,"footnotes":""},"class_list":["post-126","page","type-page","status-publish","hentry"],"aioseo_notices":[],"_links":{"self":[{"href":"https:\/\/avril-equilibre.com\/index.php?rest_route=\/wp\/v2\/pages\/126","targetHints":{"allow":["GET"]}}],"collection":[{"href":"https:\/\/avril-equilibre.com\/index.php?rest_route=\/wp\/v2\/pages"}],"about":[{"href":"https:\/\/avril-equilibre.com\/index.php?rest_route=\/wp\/v2\/types\/page"}],"author":[{"embeddable":true,"href":"https:\/\/avril-equilibre.com\/index.php?rest_route=\/wp\/v2\/users\/1"}],"replies":[{"embeddable":true,"href":"https:\/\/avril-equilibre.com\/index.php?rest_route=%2Fwp%2Fv2%2Fcomments&post=126"}],"version-history":[{"count":2,"href":"https:\/\/avril-equilibre.com\/index.php?rest_route=\/wp\/v2\/pages\/126\/revisions"}],"predecessor-version":[{"id":140,"href":"https:\/\/avril-equilibre.com\/index.php?rest_route=\/wp\/v2\/pages\/126\/revisions\/140"}],"wp:attachment":[{"href":"https:\/\/avril-equilibre.com\/index.php?rest_route=%2Fwp%2Fv2%2Fmedia&parent=126"}],"curies":[{"name":"wp","href":"https:\/\/api.w.org\/{rel}","templated":true}]}}