{"id":133,"date":"2023-05-20T21:57:05","date_gmt":"2023-05-20T19:57:05","guid":{"rendered":"https:\/\/avril-equilibre.com\/?page_id=133"},"modified":"2023-05-20T22:06:52","modified_gmt":"2023-05-20T20:06:52","slug":"tarifs","status":"publish","type":"page","link":"https:\/\/avril-equilibre.com\/?page_id=133","title":{"rendered":"Tarifs"},"content":{"rendered":"\n<p><strong>S\u00e9ance Re\u00efki Ess\u00e9nien<\/strong> : 50 euros ttc<br>(dur\u00e9e 45-55 min env)<\/p>\n\n\n\n<p><strong>S\u00e9ance soin complet<\/strong> (nettoyage, \u00e9quilibre, \u00e9nerg\u00e9tisation) : 60 euros ttc<br>(dur\u00e9e 1h00 \u00e0 1h30 env)<\/p>\n\n\n\n<p><strong>Consultation voyance<\/strong> : 40 euros ttc<br>(dur\u00e9e 50 min env)<\/p>\n\n\n\n<p><strong>Animaux totems<\/strong> : 40 Euros ttc<br>(la signification de chacun de vos animaux totem vous est envoy\u00e9 par courrier ou courriel)<\/p>\n\n\n\n<p>Je ne prends pas la carte bleu, payement uniquement par Paypal, esp\u00e8ces ou ch\u00e8que.<\/p>\n\n\n\n<div class=\"wp-block-columns alignwide is-layout-flex wp-container-core-columns-is-layout-1 wp-block-columns-is-layout-flex\">\n<div class=\"wp-block-column is-layout-flow wp-block-column-is-layout-flow\">\n<div class=\"wp-block-buttons is-layout-flex wp-block-buttons-is-layout-flex\">\n<div class=\"wp-block-button has-custom-width wp-block-button__width-100\"><a class=\"wp-block-button__link wp-element-button\" href=\"https:\/\/avril-equilibre.com\/?page_id=83\">Reiki Ess\u00e9nien &#8211; Magn\u00e9tisme<\/a><\/div>\n<\/div>\n<\/div>\n\n\n\n<div class=\"wp-block-column is-layout-flow wp-block-column-is-layout-flow\">\n<div class=\"wp-block-buttons is-layout-flex wp-block-buttons-is-layout-flex\">\n<div class=\"wp-block-button has-custom-width wp-block-button__width-100\"><a class=\"wp-block-button__link wp-element-button\" href=\"https:\/\/avril-equilibre.com\/?page_id=115\">Voyance<\/a><\/div>\n<\/div>\n<\/div>\n\n\n\n<div class=\"wp-block-column is-layout-flow wp-block-column-is-layout-flow\">\n<div class=\"wp-block-buttons is-layout-flex wp-block-buttons-is-layout-flex\">\n<div class=\"wp-block-button has-custom-width wp-block-button__width-100\"><a class=\"wp-block-button__link wp-element-button\" href=\"https:\/\/avril-equilibre.com\/?page_id=120\">Qui suis-je<\/a><\/div>\n<\/div>\n<\/div>\n<\/div>\n\n\n\n<div class=\"wp-block-columns alignwide is-layout-flex wp-container-core-columns-is-layout-2 wp-block-columns-is-layout-flex\">\n<div class=\"wp-block-column is-layout-flow wp-block-column-is-layout-flow\">\n<div class=\"wp-block-buttons is-layout-flex wp-block-buttons-is-layout-flex\">\n<div class=\"wp-block-button has-custom-width wp-block-button__width-100\"><a class=\"wp-block-button__link wp-element-button\" href=\"https:\/\/avril-equilibre.com\/\">Accueil<\/a><\/div>\n<\/div>\n<\/div>\n\n\n\n<div class=\"wp-block-column is-layout-flow wp-block-column-is-layout-flow\">\n<div class=\"wp-block-buttons is-layout-flex wp-block-buttons-is-layout-flex\">\n<div class=\"wp-block-button has-custom-width wp-block-button__width-100\"><a class=\"wp-block-button__link wp-element-button\" href=\"https:\/\/avril-equilibre.com\/?page_id=126\">Coordonn\u00e9es<\/a><\/div>\n<\/div>\n<\/div>\n\n\n\n<div class=\"wp-block-column is-layout-flow wp-block-column-is-layout-flow\">\n<div class=\"wp-block-buttons is-layout-flex wp-block-buttons-is-layout-flex\">\n<div class=\"wp-block-button has-custom-width wp-block-button__width-100\"><a class=\"wp-block-button__link wp-element-button\" href=\"https:\/\/avril-equilibre.com\/?page_id=8\">Login<\/a><\/div>\n<\/div>\n<\/div>\n<\/div>\n","protected":false},"excerpt":{"rendered":"<p>S\u00e9ance Re\u00efki Ess\u00e9nien : 50 euros ttc(dur\u00e9e 45-55 min env) S\u00e9ance soin complet (nettoyage, \u00e9quilibre, \u00e9nerg\u00e9tisation) : 60 euros ttc(dur\u00e9e 1h00 \u00e0 1h30 env) Consultation voyance : 40 euros ttc(dur\u00e9e 50 min env) Animaux totems : 40 Euros ttc(la signification de chacun de vos animaux totem vous est envoy\u00e9 par courrier ou courriel) Je ne [&hellip;]<\/p>\n","protected":false},"author":1,"featured_media":0,"parent":0,"menu_order":2,"comment_status":"closed","ping_status":"closed","template":"","meta":{"om_disable_all_campaigns":false,"_monsterinsights_skip_tracking":false,"_monsterinsights_sitenote_active":false,"_monsterinsights_sitenote_note":"","_monsterinsights_sitenote_category":0,"_themeisle_gutenberg_block_has_review":false,"footnotes":""},"class_list":["post-133","page","type-page","status-publish","hentry"],"aioseo_notices":[],"_links":{"self":[{"href":"https:\/\/avril-equilibre.com\/index.php?rest_route=\/wp\/v2\/pages\/133","targetHints":{"allow":["GET"]}}],"collection":[{"href":"https:\/\/avril-equilibre.com\/index.php?rest_route=\/wp\/v2\/pages"}],"about":[{"href":"https:\/\/avril-equilibre.com\/index.php?rest_route=\/wp\/v2\/types\/page"}],"author":[{"embeddable":true,"href":"https:\/\/avril-equilibre.com\/index.php?rest_route=\/wp\/v2\/users\/1"}],"replies":[{"embeddable":true,"href":"https:\/\/avril-equilibre.com\/index.php?rest_route=%2Fwp%2Fv2%2Fcomments&post=133"}],"version-history":[{"count":3,"href":"https:\/\/avril-equilibre.com\/index.php?rest_route=\/wp\/v2\/pages\/133\/revisions"}],"predecessor-version":[{"id":144,"href":"https:\/\/avril-equilibre.com\/index.php?rest_route=\/wp\/v2\/pages\/133\/revisions\/144"}],"wp:attachment":[{"href":"https:\/\/avril-equilibre.com\/index.php?rest_route=%2Fwp%2Fv2%2Fmedia&parent=133"}],"curies":[{"name":"wp","href":"https:\/\/api.w.org\/{rel}","templated":true}]}}