{"id":83,"date":"2023-05-17T14:08:42","date_gmt":"2023-05-17T12:08:42","guid":{"rendered":"https:\/\/avril-equilibre.com\/?page_id=83"},"modified":"2023-05-20T21:57:50","modified_gmt":"2023-05-20T19:57:50","slug":"le-cabinet-de-reiki-essenien","status":"publish","type":"page","link":"https:\/\/avril-equilibre.com\/?page_id=83","title":{"rendered":"Re\u00efki Essenien"},"content":{"rendered":"\n<p><\/p>\n\n\n\n<p>Qu&rsquo;est ce que le Re\u00efki Ess\u00e9nien ?<\/p>\n\n\n\n<p>Dans le Re\u00efki Ess\u00e9nien, apr\u00e8s une lecture d&rsquo; aura et notre intuition nous ciblons la cause du probl\u00e8me et essayons de la r\u00e9soudre avec les divers outils Re\u00efki quelque soit le ou les plans dans lesquels les probl\u00e8mes se situent. Nous faisons parfois appel \u00e0 nos guides \u00e9galement quand la solution nous \u00e9chappe, il arrive parfois qu&rsquo;ils interviennent d&rsquo; eux m\u00eame. Quand nous apportons de l&rsquo; \u00e9nergie dans un corps, nous apportons de l&rsquo; \u00e9nergie Ess\u00e9nienne. Nous pouvons apporter d&rsquo; autres types d&rsquo; \u00e9nergies.<\/p>\n\n\n\n<p><\/p>\n\n\n\n<p><strong>Concernant la r\u00e9solution d\u2019 un probl\u00e8me physique, mental, ou \u00e9motionnel.<\/strong><\/p>\n\n\n\n<p>Nous ciblons ensemble les blocages, par le dialogue, la lecture d\u2019 Aura, puis je vous aide \u00e0 lutter avec divers outils \u00e0 ma disposition.<\/p>\n\n\n\n<p>Quand les probl\u00e8mes dans le mental ou l\u2019 \u00e9motionnel touche le corps physique, il m\u2019 arrive \u00e9galement d\u2019 apaiser la douleur par coupure ou apport d\u2019 \u00e9nergie et bien souvent les deux.<\/p>\n\n\n\n<p>Le rendez-vous dure trois-quarts heure mais pr\u00e9voyez une heure par s\u00e9ance, surtout la premi\u00e8re. Certains soucis peuvent demander plusieurs s\u00e9ances, je propose une estimation du nombre, mais cela reste une estimation. Cela peux aller de une \u00e0 trois s\u00e9ances, parfois quatre, rarement plus.<\/p>\n\n\n\n<p><strong>Concernant une s\u00e9ance de soins Energ\u00e9tique.<\/strong><\/p>\n\n\n\n<p>Elle d\u00e9bute par un nettoyage Energ\u00e9tique, puis un r\u00e9\u00e9quilibrage des Chakras.<\/p>\n\n\n\n<p>Ensuite je vous apporte l&rsquo; \u00e9nergie par imposition des mains et maintiendrais le contact physique jusqu&rsquo; \u00e0 ce que le soin se termine. Je n&rsquo; appuie pas, je pose juste.<\/p>\n\n\n\n<p>L&rsquo;imposition des mains va se faire sur la t\u00eate, le torse, le bassin, les jambes, les pieds, de face et de dos.<\/p>\n\n\n\n<p>Une s\u00e9ance dure de une heure \u00e0 une heure et demi. Merci de pr\u00e9voir une heure et demi.<\/p>\n\n\n\n<p><strong>Le Cabinet de soins Energ\u00e9tiques<\/strong><\/p>\n\n\n\n<p>Les Rendez-vous concernant le Re\u00efki Ess\u00e9nien se font exclusivement \u00e0 mon cabinet. <\/p>\n\n\n\n<p>Il est situ\u00e9 \u00e0 la porte des C\u00e9vennes \u00e0 St Christol-les-Ales, je vous y accueille de 09h00 \u00e0 19h00, sur rendez-vous uniquement.<\/p>\n\n\n\n<p>Le cabinet se situe au rez-de-chauss\u00e9e de mon domicile personnel, l&rsquo; espace y est enti\u00e8rement consacr\u00e9, comprenant une salle de soin \u00e9nerg\u00e9tique, une salle d&rsquo; attente, des commodit\u00e9s ainsi qu&rsquo; une pi\u00e8ce isol\u00e9 pour se changer. <em><strong>A ce propos, pour une s\u00e9ances de soins \u00e9nerg\u00e9tiques mieux vaut venir avec des habits de couleurs clairs, en fibre naturelle. <\/strong><\/em><\/p>\n\n\n\n<p>Un parking est \u00e0 votre disposition pour les voitures.<\/p>\n\n\n\n<p>Concernant les articles de fumigation pour le nettoyage \u00e9nerg\u00e9tique ou de Feng Shui, pour des raisons de pratique merci de me pr\u00e9venir par t\u00e9l\u00e9phone avant de passer.<\/p>\n\n\n\n<p>R\u00e9gis.<\/p>\n\n\n\n<div class=\"wp-block-columns alignwide is-layout-flex wp-container-core-columns-is-layout-1 wp-block-columns-is-layout-flex\">\n<div class=\"wp-block-column is-layout-flow wp-block-column-is-layout-flow\">\n<div class=\"wp-block-buttons is-layout-flex wp-block-buttons-is-layout-flex\">\n<div class=\"wp-block-button has-custom-width wp-block-button__width-100\"><a class=\"wp-block-button__link wp-element-button\" href=\"https:\/\/avril-equilibre.com\/\">Accueil<\/a><\/div>\n<\/div>\n<\/div>\n\n\n\n<div class=\"wp-block-column is-layout-flow wp-block-column-is-layout-flow\">\n<div class=\"wp-block-buttons is-layout-flex wp-block-buttons-is-layout-flex\">\n<div class=\"wp-block-button has-custom-width wp-block-button__width-100\"><a class=\"wp-block-button__link wp-element-button\" href=\"https:\/\/avril-equilibre.com\/?page_id=115\">Voyance<\/a><\/div>\n<\/div>\n<\/div>\n\n\n\n<div class=\"wp-block-column is-layout-flow wp-block-column-is-layout-flow\">\n<div class=\"wp-block-buttons is-layout-flex wp-block-buttons-is-layout-flex\">\n<div class=\"wp-block-button has-custom-width wp-block-button__width-100\"><a class=\"wp-block-button__link wp-element-button\" href=\"https:\/\/avril-equilibre.com\/?page_id=120\">Qui suis-je<\/a><\/div>\n<\/div>\n<\/div>\n<\/div>\n\n\n\n<div class=\"wp-block-columns alignwide is-layout-flex wp-container-core-columns-is-layout-2 wp-block-columns-is-layout-flex\">\n<div class=\"wp-block-column is-layout-flow wp-block-column-is-layout-flow\">\n<div class=\"wp-block-buttons is-layout-flex wp-block-buttons-is-layout-flex\">\n<div class=\"wp-block-button has-custom-width wp-block-button__width-100\"><a class=\"wp-block-button__link wp-element-button\" href=\"https:\/\/avril-equilibre.com\/?page_id=133\">Tarifs<\/a><\/div>\n<\/div>\n<\/div>\n\n\n\n<div class=\"wp-block-column is-layout-flow wp-block-column-is-layout-flow\">\n<div class=\"wp-block-buttons is-layout-flex wp-block-buttons-is-layout-flex\">\n<div class=\"wp-block-button has-custom-width wp-block-button__width-100\"><a class=\"wp-block-button__link wp-element-button\" href=\"https:\/\/avril-equilibre.com\/?page_id=126\">Coordonn\u00e9es<\/a><\/div>\n<\/div>\n<\/div>\n\n\n\n<div class=\"wp-block-column is-layout-flow wp-block-column-is-layout-flow\">\n<div class=\"wp-block-buttons is-layout-flex wp-block-buttons-is-layout-flex\">\n<div class=\"wp-block-button has-custom-width wp-block-button__width-100\"><a class=\"wp-block-button__link wp-element-button\" href=\"https:\/\/avril-equilibre.com\/?page_id=8\">Login<\/a><\/div>\n<\/div>\n<\/div>\n<\/div>\n","protected":false},"excerpt":{"rendered":"<p>Qu&rsquo;est ce que le Re\u00efki Ess\u00e9nien ? Dans le Re\u00efki Ess\u00e9nien, apr\u00e8s une lecture d&rsquo; aura et notre intuition nous ciblons la cause du probl\u00e8me et essayons de la r\u00e9soudre avec les divers outils Re\u00efki quelque soit le ou les plans dans lesquels les probl\u00e8mes se situent. Nous faisons parfois appel \u00e0 nos guides \u00e9galement [&hellip;]<\/p>\n","protected":false},"author":1,"featured_media":0,"parent":0,"menu_order":6,"comment_status":"closed","ping_status":"closed","template":"","meta":{"om_disable_all_campaigns":false,"_monsterinsights_skip_tracking":false,"_monsterinsights_sitenote_active":false,"_monsterinsights_sitenote_note":"","_monsterinsights_sitenote_category":0,"_themeisle_gutenberg_block_has_review":false,"footnotes":""},"class_list":["post-83","page","type-page","status-publish","hentry"],"aioseo_notices":[],"_links":{"self":[{"href":"https:\/\/avril-equilibre.com\/index.php?rest_route=\/wp\/v2\/pages\/83","targetHints":{"allow":["GET"]}}],"collection":[{"href":"https:\/\/avril-equilibre.com\/index.php?rest_route=\/wp\/v2\/pages"}],"about":[{"href":"https:\/\/avril-equilibre.com\/index.php?rest_route=\/wp\/v2\/types\/page"}],"author":[{"embeddable":true,"href":"https:\/\/avril-equilibre.com\/index.php?rest_route=\/wp\/v2\/users\/1"}],"replies":[{"embeddable":true,"href":"https:\/\/avril-equilibre.com\/index.php?rest_route=%2Fwp%2Fv2%2Fcomments&post=83"}],"version-history":[{"count":15,"href":"https:\/\/avril-equilibre.com\/index.php?rest_route=\/wp\/v2\/pages\/83\/revisions"}],"predecessor-version":[{"id":138,"href":"https:\/\/avril-equilibre.com\/index.php?rest_route=\/wp\/v2\/pages\/83\/revisions\/138"}],"wp:attachment":[{"href":"https:\/\/avril-equilibre.com\/index.php?rest_route=%2Fwp%2Fv2%2Fmedia&parent=83"}],"curies":[{"name":"wp","href":"https:\/\/api.w.org\/{rel}","templated":true}]}}